{"id":2745,"date":"2021-03-24T06:15:16","date_gmt":"2021-03-24T06:15:16","guid":{"rendered":"https:\/\/smartdemowp.com\/travio\/?page_id=2745"},"modified":"2021-03-24T06:15:16","modified_gmt":"2021-03-24T06:15:16","slug":"news-block-02","status":"publish","type":"page","link":"https:\/\/trippoviagens.com.br\/index.php\/news-block-02\/","title":{"rendered":"News Block 02"},"content":{"rendered":"\t\t<div data-elementor-type=\"wp-page\" data-elementor-id=\"2745\" class=\"elementor elementor-2745\">\n\t\t\t\t\t\t<section class=\"elementor-section elementor-top-section elementor-element elementor-element-46b5dc6 elementor-section-full_width elementor-section-stretched elementor-section-height-default elementor-section-height-default\" data-id=\"46b5dc6\" data-element_type=\"section\" data-e-type=\"section\" data-settings=\"{&quot;stretch_section&quot;:&quot;section-stretched&quot;}\">\n\t\t\t\t\t\t<div class=\"elementor-container elementor-column-gap-no\">\n\t\t\t\t\t<div class=\"elementor-column elementor-col-100 elementor-top-column elementor-element elementor-element-6dd2a7d\" data-id=\"6dd2a7d\" data-element_type=\"column\" data-e-type=\"column\">\n\t\t\t<div class=\"elementor-widget-wrap elementor-element-populated\">\n\t\t\t\t\t\t<div class=\"elementor-element elementor-element-a4e9b11 elementor-widget elementor-widget-travio_blog_posts\" data-id=\"a4e9b11\" data-element_type=\"widget\" data-e-type=\"widget\" data-widget_type=\"travio_blog_posts.default\">\n\t\t\t\t<div class=\"elementor-widget-container\">\n\t\t\t\t\t\t\t\t<section class=\"news-section sec-pad\">\r\n\t\t\t\t<div class=\"auto-container\">\r\n\t\t\t\t\t<div class=\"three-item-carousel owl-carousel owl-theme owl-dots-none owl-nav-none\">\r\n\t\t\t\t\t\t\t\t\t\t\t\t\t\t<div class=\"news-block-one\">\r\n\t\t\t\t\t\t\t\t\t<div class=\"inner-box\">\r\n\t\t\t\t\t\t\t\t\t\t<figure class=\"image-box\">\r\n\t\t\t\t\t\t\t\t\t\t\t<a href=\"https:\/\/trippoviagens.com.br\/index.php\/2023\/07\/08\/descubra-o-mundo-com-a-trippo-viagens-bem-vindos-a-nossa-aventura\/\"><\/a>\r\n\t\t\t\t\t\t\t\t\t\t\t<span class=\"post-date\"><i class=\"icon-Calendar\"><\/i> <time class=\"entry-date published\" datetime=\"2023-07-08T20:31:58+00:00\">julho 8, 2023<\/time><\/span>\r\n\t\t\t\t\t\t\t\t\t\t<\/figure>\r\n\t\t\t\t\t\t\t\t\t\t<div class=\"lower-content\">\r\n\t\t\t\t\t\t\t\t\t\t\t<div class=\"category\"><a href=\"https:\/\/trippoviagens.com.br\/index.php\/category\/sem-categoria\/\" rel=\"category tag\">Sem Categoria<\/a><\/div>\r\n\t\t\t\t\t\t\t\t\t\t\t<h3><a href=\"https:\/\/trippoviagens.com.br\/index.php\/2023\/07\/08\/descubra-o-mundo-com-a-trippo-viagens-bem-vindos-a-nossa-aventura\/\">Descubra o mundo com a Trippo Viagens! Bem vindos \u00e0 nossa aventura<\/a><\/h3>\r\n\t\t\t\t\t\t\t\t\t\t\t<ul class=\"post-info clearfix\">\r\n\t\t\t\t\t\t\t\t\t\t\t\t<li><span>By <\/span><a class=\"url fn n\" href=\"https:\/\/trippoviagens.com.br\/index.php\/author\/trippouser\/\">admin<\/a><\/li>\r\n\t\t\t\t\t\t\t\t\t\t\t\t<li> -  <time class=\"entry-date published\" datetime=\"2023-07-08T20:31:58+00:00\">julho 8, 2023<\/time><\/li>\r\n\t\t\t\t\t\t\t\t\t\t\t<\/ul>\r\n\t\t\t\t\t\t\t\t\t\t\t<p>\r\n\t\t\t\t\t\t\t\t\t\t\t\tNa Trippo Viagens, oferecemos uma ampla gama de servi\u00e7os pa.\t\t\t\t\t\t\t\t\t\t\t<\/p>\r\n\t\t\t\t\t\t\t\t\t\t\t<div class=\"btn-box\">\r\n\t\t\t\t\t\t\t\t\t\t\t\t<div class=\"btn-box\"><a class=\"theme-btn-two\" href=\"https:\/\/trippoviagens.com.br\/index.php\/2023\/07\/08\/descubra-o-mundo-com-a-trippo-viagens-bem-vindos-a-nossa-aventura\/\">See Details<\/a><\/div>\r\n\t\t\t\t\t\t\t\t\t\t\t<\/div>\r\n\t\t\t\t\t\t\t\t\t\t<\/div>\r\n\t\t\t\t\t\t\t\t\t<\/div>\r\n\t\t\t\t\t\t\t\t<\/div>\r\n\t\t\t\t\t\t\t\t\t\t\t\t\t\t\t\t<div class=\"news-block-one\">\r\n\t\t\t\t\t\t\t\t\t<div class=\"inner-box\">\r\n\t\t\t\t\t\t\t\t\t\t<figure class=\"image-box\">\r\n\t\t\t\t\t\t\t\t\t\t\t<a href=\"https:\/\/trippoviagens.com.br\/index.php\/2023\/08\/01\/tudo-sobre-os-lencois-maranhenses\/\"><\/a>\r\n\t\t\t\t\t\t\t\t\t\t\t<span class=\"post-date\"><i class=\"icon-Calendar\"><\/i> <time class=\"entry-date published\" datetime=\"2023-08-01T23:05:53+00:00\">agosto 1, 2023<\/time><\/span>\r\n\t\t\t\t\t\t\t\t\t\t<\/figure>\r\n\t\t\t\t\t\t\t\t\t\t<div class=\"lower-content\">\r\n\t\t\t\t\t\t\t\t\t\t\t<div class=\"category\"><a href=\"https:\/\/trippoviagens.com.br\/index.php\/category\/destinos-nacionais\/\" rel=\"category tag\">Destinos<\/a><\/div>\r\n\t\t\t\t\t\t\t\t\t\t\t<h3><a href=\"https:\/\/trippoviagens.com.br\/index.php\/2023\/08\/01\/tudo-sobre-os-lencois-maranhenses\/\">Tudo que voc\u00ea precisa saber sobre os Len\u00e7\u00f3is Maranhenses<\/a><\/h3>\r\n\t\t\t\t\t\t\t\t\t\t\t<ul class=\"post-info clearfix\">\r\n\t\t\t\t\t\t\t\t\t\t\t\t<li><span>By <\/span><a class=\"url fn n\" href=\"https:\/\/trippoviagens.com.br\/index.php\/author\/trippouser\/\">admin<\/a><\/li>\r\n\t\t\t\t\t\t\t\t\t\t\t\t<li> -  <time class=\"entry-date published\" datetime=\"2023-08-01T23:05:53+00:00\">agosto 1, 2023<\/time><\/li>\r\n\t\t\t\t\t\t\t\t\t\t\t<\/ul>\r\n\t\t\t\t\t\t\t\t\t\t\t<p>\r\n\t\t\t\t\t\t\t\t\t\t\t\tOs Len\u00e7\u00f3is Maranhenses, localizados no estado do Maranh\u00e3o.\t\t\t\t\t\t\t\t\t\t\t<\/p>\r\n\t\t\t\t\t\t\t\t\t\t\t<div class=\"btn-box\">\r\n\t\t\t\t\t\t\t\t\t\t\t\t<div class=\"btn-box\"><a class=\"theme-btn-two\" href=\"https:\/\/trippoviagens.com.br\/index.php\/2023\/08\/01\/tudo-sobre-os-lencois-maranhenses\/\">See Details<\/a><\/div>\r\n\t\t\t\t\t\t\t\t\t\t\t<\/div>\r\n\t\t\t\t\t\t\t\t\t\t<\/div>\r\n\t\t\t\t\t\t\t\t\t<\/div>\r\n\t\t\t\t\t\t\t\t<\/div>\r\n\t\t\t\t\t\t\t\t\t\t\t\t\t\t\t\t<div class=\"news-block-one\">\r\n\t\t\t\t\t\t\t\t\t<div class=\"inner-box\">\r\n\t\t\t\t\t\t\t\t\t\t<figure class=\"image-box\">\r\n\t\t\t\t\t\t\t\t\t\t\t<a href=\"https:\/\/trippoviagens.com.br\/index.php\/2023\/08\/06\/explorando-a-magia-de-gramado-o-refugio-encantado-no-sul-do-brasil\/\"><\/a>\r\n\t\t\t\t\t\t\t\t\t\t\t<span class=\"post-date\"><i class=\"icon-Calendar\"><\/i> <time class=\"entry-date published\" datetime=\"2023-08-06T23:58:22+00:00\">agosto 6, 2023<\/time><\/span>\r\n\t\t\t\t\t\t\t\t\t\t<\/figure>\r\n\t\t\t\t\t\t\t\t\t\t<div class=\"lower-content\">\r\n\t\t\t\t\t\t\t\t\t\t\t<div class=\"category\"><a href=\"https:\/\/trippoviagens.com.br\/index.php\/category\/destinos-nacionais\/\" rel=\"category tag\">Destinos<\/a><\/div>\r\n\t\t\t\t\t\t\t\t\t\t\t<h3><a href=\"https:\/\/trippoviagens.com.br\/index.php\/2023\/08\/06\/explorando-a-magia-de-gramado-o-refugio-encantado-no-sul-do-brasil\/\">Explorando a Magia de Gramado: O Ref\u00fagio Encantado no Sul do Brasil<\/a><\/h3>\r\n\t\t\t\t\t\t\t\t\t\t\t<ul class=\"post-info clearfix\">\r\n\t\t\t\t\t\t\t\t\t\t\t\t<li><span>By <\/span><a class=\"url fn n\" href=\"https:\/\/trippoviagens.com.br\/index.php\/author\/trippouser\/\">admin<\/a><\/li>\r\n\t\t\t\t\t\t\t\t\t\t\t\t<li> -  <time class=\"entry-date published\" datetime=\"2023-08-06T23:58:22+00:00\">agosto 6, 2023<\/time><\/li>\r\n\t\t\t\t\t\t\t\t\t\t\t<\/ul>\r\n\t\t\t\t\t\t\t\t\t\t\t<p>\r\n\t\t\t\t\t\t\t\t\t\t\t\tSe existe um lugar que consegue capturar a imagina\u00e7\u00e3o de t.\t\t\t\t\t\t\t\t\t\t\t<\/p>\r\n\t\t\t\t\t\t\t\t\t\t\t<div class=\"btn-box\">\r\n\t\t\t\t\t\t\t\t\t\t\t\t<div class=\"btn-box\"><a class=\"theme-btn-two\" href=\"https:\/\/trippoviagens.com.br\/index.php\/2023\/08\/06\/explorando-a-magia-de-gramado-o-refugio-encantado-no-sul-do-brasil\/\">See Details<\/a><\/div>\r\n\t\t\t\t\t\t\t\t\t\t\t<\/div>\r\n\t\t\t\t\t\t\t\t\t\t<\/div>\r\n\t\t\t\t\t\t\t\t\t<\/div>\r\n\t\t\t\t\t\t\t\t<\/div>\r\n\t\t\t\t\t\t\t\t\t\t\t\t\t<\/div>\r\n\t\t\t\t<\/div>\r\n\t\t\t<\/section>\r\n\t\t\t\t\t\t\t<\/div>\n\t\t\t\t<\/div>\n\t\t\t\t\t<\/div>\n\t\t<\/div>\n\t\t\t\t\t<\/div>\n\t\t<\/section>\n\t\t\t\t<\/div>\n\t\t","protected":false},"excerpt":{"rendered":"<p>January 25, 2021 Logo &amp; Assets Travel Direction Including animation in your design system By admin &#8211; January 25, 2021 Lorem ipsum dolor sit amet consectur adip icing sed eiusmod . See Details January 27, 2021 Lifestyle Including animation in your design system By admin &#8211; January 27, 2021 Lorem ipsum dolor sit amet consectur [&hellip;]<\/p>\n","protected":false},"author":1,"featured_media":1901,"parent":0,"menu_order":0,"comment_status":"closed","ping_status":"closed","template":"elementor_header_footer","meta":{"footnotes":""},"class_list":["post-2745","page","type-page","status-publish","has-post-thumbnail","hentry"],"yoast_head":"<!-- This site is optimized with the Yoast SEO plugin v27.1.1 - https:\/\/yoast.com\/product\/yoast-seo-wordpress\/ -->\n<title>News Block 02 - Trippo Viagens<\/title>\n<meta name=\"robots\" content=\"index, follow, max-snippet:-1, max-image-preview:large, max-video-preview:-1\" \/>\n<link rel=\"canonical\" href=\"https:\/\/trippoviagens.com.br\/index.php\/news-block-02\/\" \/>\n<meta property=\"og:locale\" content=\"pt_BR\" \/>\n<meta property=\"og:type\" content=\"article\" \/>\n<meta property=\"og:title\" content=\"News Block 02 - Trippo Viagens\" \/>\n<meta property=\"og:description\" content=\"January 25, 2021 Logo &amp; Assets Travel Direction Including animation in your design system By admin &#8211; January 25, 2021 Lorem ipsum dolor sit amet consectur adip icing sed eiusmod . See Details January 27, 2021 Lifestyle Including animation in your design system By admin &#8211; January 27, 2021 Lorem ipsum dolor sit amet consectur [&hellip;]\" \/>\n<meta property=\"og:url\" content=\"https:\/\/trippoviagens.com.br\/index.php\/news-block-02\/\" \/>\n<meta property=\"og:site_name\" content=\"Trippo Viagens\" \/>\n<meta property=\"og:image\" content=\"https:\/\/smartdemowp.com\/travio\/wp-content\/uploads\/2021\/01\/news-9-370x270.jpg\" \/>\n<meta name=\"twitter:card\" content=\"summary_large_image\" \/>\n<script type=\"application\/ld+json\" class=\"yoast-schema-graph\">{\"@context\":\"https:\/\/schema.org\",\"@graph\":[{\"@type\":\"WebPage\",\"@id\":\"https:\/\/trippoviagens.com.br\/index.php\/news-block-02\/\",\"url\":\"https:\/\/trippoviagens.com.br\/index.php\/news-block-02\/\",\"name\":\"News Block 02 - Trippo Viagens\",\"isPartOf\":{\"@id\":\"https:\/\/trippoviagens.com.br\/#website\"},\"primaryImageOfPage\":{\"@id\":\"https:\/\/trippoviagens.com.br\/index.php\/news-block-02\/#primaryimage\"},\"image\":{\"@id\":\"https:\/\/trippoviagens.com.br\/index.php\/news-block-02\/#primaryimage\"},\"thumbnailUrl\":\"https:\/\/trippoviagens.com.br\/wp-content\/uploads\/2021\/03\/page-title-5.jpg\",\"datePublished\":\"2021-03-24T06:15:16+00:00\",\"breadcrumb\":{\"@id\":\"https:\/\/trippoviagens.com.br\/index.php\/news-block-02\/#breadcrumb\"},\"inLanguage\":\"pt-BR\",\"potentialAction\":[{\"@type\":\"ReadAction\",\"target\":[\"https:\/\/trippoviagens.com.br\/index.php\/news-block-02\/\"]}]},{\"@type\":\"ImageObject\",\"inLanguage\":\"pt-BR\",\"@id\":\"https:\/\/trippoviagens.com.br\/index.php\/news-block-02\/#primaryimage\",\"url\":\"https:\/\/trippoviagens.com.br\/wp-content\/uploads\/2021\/03\/page-title-5.jpg\",\"contentUrl\":\"https:\/\/trippoviagens.com.br\/wp-content\/uploads\/2021\/03\/page-title-5.jpg\",\"width\":1920,\"height\":300},{\"@type\":\"BreadcrumbList\",\"@id\":\"https:\/\/trippoviagens.com.br\/index.php\/news-block-02\/#breadcrumb\",\"itemListElement\":[{\"@type\":\"ListItem\",\"position\":1,\"name\":\"In\u00edcio\",\"item\":\"https:\/\/trippoviagens.com.br\/\"},{\"@type\":\"ListItem\",\"position\":2,\"name\":\"News Block 02\"}]},{\"@type\":\"WebSite\",\"@id\":\"https:\/\/trippoviagens.com.br\/#website\",\"url\":\"https:\/\/trippoviagens.com.br\/\",\"name\":\"Trippo Viagens\",\"description\":\"\",\"publisher\":{\"@id\":\"https:\/\/trippoviagens.com.br\/#organization\"},\"potentialAction\":[{\"@type\":\"SearchAction\",\"target\":{\"@type\":\"EntryPoint\",\"urlTemplate\":\"https:\/\/trippoviagens.com.br\/?s={search_term_string}\"},\"query-input\":{\"@type\":\"PropertyValueSpecification\",\"valueRequired\":true,\"valueName\":\"search_term_string\"}}],\"inLanguage\":\"pt-BR\"},{\"@type\":\"Organization\",\"@id\":\"https:\/\/trippoviagens.com.br\/#organization\",\"name\":\"Trippo Viagens\",\"url\":\"https:\/\/trippoviagens.com.br\/\",\"logo\":{\"@type\":\"ImageObject\",\"inLanguage\":\"pt-BR\",\"@id\":\"https:\/\/trippoviagens.com.br\/#\/schema\/logo\/image\/\",\"url\":\"https:\/\/trippoviagens.com.br\/wp-content\/uploads\/2023\/05\/color1_logo_transparent_background.png\",\"contentUrl\":\"https:\/\/trippoviagens.com.br\/wp-content\/uploads\/2023\/05\/color1_logo_transparent_background.png\",\"width\":3125,\"height\":1875,\"caption\":\"Trippo Viagens\"},\"image\":{\"@id\":\"https:\/\/trippoviagens.com.br\/#\/schema\/logo\/image\/\"},\"sameAs\":[\"https:\/\/www.instagram.com\/trippoviagens\/\"]}]}<\/script>\n<!-- \/ Yoast SEO plugin. -->","yoast_head_json":{"title":"News Block 02 - Trippo Viagens","robots":{"index":"index","follow":"follow","max-snippet":"max-snippet:-1","max-image-preview":"max-image-preview:large","max-video-preview":"max-video-preview:-1"},"canonical":"https:\/\/trippoviagens.com.br\/index.php\/news-block-02\/","og_locale":"pt_BR","og_type":"article","og_title":"News Block 02 - Trippo Viagens","og_description":"January 25, 2021 Logo &amp; Assets Travel Direction Including animation in your design system By admin &#8211; January 25, 2021 Lorem ipsum dolor sit amet consectur adip icing sed eiusmod . See Details January 27, 2021 Lifestyle Including animation in your design system By admin &#8211; January 27, 2021 Lorem ipsum dolor sit amet consectur [&hellip;]","og_url":"https:\/\/trippoviagens.com.br\/index.php\/news-block-02\/","og_site_name":"Trippo Viagens","og_image":[{"url":"https:\/\/smartdemowp.com\/travio\/wp-content\/uploads\/2021\/01\/news-9-370x270.jpg","type":"","width":"","height":""}],"twitter_card":"summary_large_image","schema":{"@context":"https:\/\/schema.org","@graph":[{"@type":"WebPage","@id":"https:\/\/trippoviagens.com.br\/index.php\/news-block-02\/","url":"https:\/\/trippoviagens.com.br\/index.php\/news-block-02\/","name":"News Block 02 - Trippo Viagens","isPartOf":{"@id":"https:\/\/trippoviagens.com.br\/#website"},"primaryImageOfPage":{"@id":"https:\/\/trippoviagens.com.br\/index.php\/news-block-02\/#primaryimage"},"image":{"@id":"https:\/\/trippoviagens.com.br\/index.php\/news-block-02\/#primaryimage"},"thumbnailUrl":"https:\/\/trippoviagens.com.br\/wp-content\/uploads\/2021\/03\/page-title-5.jpg","datePublished":"2021-03-24T06:15:16+00:00","breadcrumb":{"@id":"https:\/\/trippoviagens.com.br\/index.php\/news-block-02\/#breadcrumb"},"inLanguage":"pt-BR","potentialAction":[{"@type":"ReadAction","target":["https:\/\/trippoviagens.com.br\/index.php\/news-block-02\/"]}]},{"@type":"ImageObject","inLanguage":"pt-BR","@id":"https:\/\/trippoviagens.com.br\/index.php\/news-block-02\/#primaryimage","url":"https:\/\/trippoviagens.com.br\/wp-content\/uploads\/2021\/03\/page-title-5.jpg","contentUrl":"https:\/\/trippoviagens.com.br\/wp-content\/uploads\/2021\/03\/page-title-5.jpg","width":1920,"height":300},{"@type":"BreadcrumbList","@id":"https:\/\/trippoviagens.com.br\/index.php\/news-block-02\/#breadcrumb","itemListElement":[{"@type":"ListItem","position":1,"name":"In\u00edcio","item":"https:\/\/trippoviagens.com.br\/"},{"@type":"ListItem","position":2,"name":"News Block 02"}]},{"@type":"WebSite","@id":"https:\/\/trippoviagens.com.br\/#website","url":"https:\/\/trippoviagens.com.br\/","name":"Trippo Viagens","description":"","publisher":{"@id":"https:\/\/trippoviagens.com.br\/#organization"},"potentialAction":[{"@type":"SearchAction","target":{"@type":"EntryPoint","urlTemplate":"https:\/\/trippoviagens.com.br\/?s={search_term_string}"},"query-input":{"@type":"PropertyValueSpecification","valueRequired":true,"valueName":"search_term_string"}}],"inLanguage":"pt-BR"},{"@type":"Organization","@id":"https:\/\/trippoviagens.com.br\/#organization","name":"Trippo Viagens","url":"https:\/\/trippoviagens.com.br\/","logo":{"@type":"ImageObject","inLanguage":"pt-BR","@id":"https:\/\/trippoviagens.com.br\/#\/schema\/logo\/image\/","url":"https:\/\/trippoviagens.com.br\/wp-content\/uploads\/2023\/05\/color1_logo_transparent_background.png","contentUrl":"https:\/\/trippoviagens.com.br\/wp-content\/uploads\/2023\/05\/color1_logo_transparent_background.png","width":3125,"height":1875,"caption":"Trippo Viagens"},"image":{"@id":"https:\/\/trippoviagens.com.br\/#\/schema\/logo\/image\/"},"sameAs":["https:\/\/www.instagram.com\/trippoviagens\/"]}]}},"_links":{"self":[{"href":"https:\/\/trippoviagens.com.br\/index.php\/wp-json\/wp\/v2\/pages\/2745","targetHints":{"allow":["GET"]}}],"collection":[{"href":"https:\/\/trippoviagens.com.br\/index.php\/wp-json\/wp\/v2\/pages"}],"about":[{"href":"https:\/\/trippoviagens.com.br\/index.php\/wp-json\/wp\/v2\/types\/page"}],"author":[{"embeddable":true,"href":"https:\/\/trippoviagens.com.br\/index.php\/wp-json\/wp\/v2\/users\/1"}],"replies":[{"embeddable":true,"href":"https:\/\/trippoviagens.com.br\/index.php\/wp-json\/wp\/v2\/comments?post=2745"}],"version-history":[{"count":0,"href":"https:\/\/trippoviagens.com.br\/index.php\/wp-json\/wp\/v2\/pages\/2745\/revisions"}],"wp:featuredmedia":[{"embeddable":true,"href":"https:\/\/trippoviagens.com.br\/index.php\/wp-json\/wp\/v2\/media\/1901"}],"wp:attachment":[{"href":"https:\/\/trippoviagens.com.br\/index.php\/wp-json\/wp\/v2\/media?parent=2745"}],"curies":[{"name":"wp","href":"https:\/\/api.w.org\/{rel}","templated":true}]}}