{"id":1846,"date":"2021-03-07T05:19:08","date_gmt":"2021-03-07T05:19:08","guid":{"rendered":"https:\/\/trippoviagens.com.br\/?page_id=1846"},"modified":"2023-07-30T19:30:29","modified_gmt":"2023-07-30T19:30:29","slug":"contact","status":"publish","type":"page","link":"https:\/\/trippoviagens.com.br\/index.php\/contact\/","title":{"rendered":"Contato"},"content":{"rendered":"\t\t<div data-elementor-type=\"wp-page\" data-elementor-id=\"1846\" class=\"elementor elementor-1846\">\n\t\t\t\t\t\t<section class=\"elementor-section elementor-top-section elementor-element elementor-element-b678aac elementor-section-full_width elementor-section-stretched elementor-section-height-default elementor-section-height-default\" data-id=\"b678aac\" data-element_type=\"section\" data-e-type=\"section\" data-settings=\"{&quot;stretch_section&quot;:&quot;section-stretched&quot;}\">\n\t\t\t\t\t\t<div class=\"elementor-container elementor-column-gap-no\">\n\t\t\t\t\t<div class=\"elementor-column elementor-col-100 elementor-top-column elementor-element elementor-element-72de4d3\" data-id=\"72de4d3\" data-element_type=\"column\" data-e-type=\"column\">\n\t\t\t<div class=\"elementor-widget-wrap elementor-element-populated\">\n\t\t\t\t\t\t<div class=\"elementor-element elementor-element-112ce7a elementor-widget elementor-widget-travio_contact\" data-id=\"112ce7a\" data-element_type=\"widget\" data-e-type=\"widget\" data-widget_type=\"travio_contact.default\">\n\t\t\t\t<div class=\"elementor-widget-container\">\n\t\t\t\t\t\t\t<section class=\"contact-info-section bg-color-1\">\r\n\t\t\t<div class=\"anim-icon\">\r\n\t\t\t\t<div class=\"icon anim-icon-1\" style=\"background-image: url(https:\/\/trippoviagens.com.br\/wp-content\/uploads\/2021\/02\/shape-3.png);\"><\/div>\r\n\t\t\t\t<div class=\"icon anim-icon-2\" style=\"background-image: url(https:\/\/trippoviagens.com.br\/wp-content\/uploads\/2021\/02\/shape-3.png);\"><\/div>\r\n\t\t\t<\/div>\r\n\t\t\t<div class=\"auto-container\">\r\n\t\t\t\t<div class=\"row clearfix\">\r\n\t\t\t\t\t\t\t\t\t\t\t<div class=\"col-lg-4 col-md-6 col-sm-12 info-column\">\r\n\t\t\t\t\t\t\t<div class=\"single-info-box\">\r\n\t\t\t\t\t\t\t\t<div class=\"inner-box\">\r\n\t\t\t\t\t\t\t\t\t<div class=\"icon-box\"><i aria-hidden=\"true\" class=\" icon-Location\"><\/i><\/i><\/div>\r\n\t\t\t\t\t\t\t\t\t<h3>Endere\u00e7o<\/h3>\r\n\t\t\t\t\t\t\t\t\t<p>R. Tuiuti, 2530 - S\u00e3o Paulo<\/p>\r\n\t\t\t\t\t\t\t\t<\/div>\r\n\t\t\t\t\t\t\t<\/div>\r\n\t\t\t\t\t\t<\/div>\r\n\t\t\t\t\t\t\t\t\t\t\t\t<div class=\"col-lg-4 col-md-6 col-sm-12 info-column\">\r\n\t\t\t\t\t\t\t<div class=\"single-info-box\">\r\n\t\t\t\t\t\t\t\t<div class=\"inner-box\">\r\n\t\t\t\t\t\t\t\t\t<div class=\"icon-box\"><i aria-hidden=\"true\" class=\"fab fa-whatsapp\"><\/i><\/i><\/div>\r\n\t\t\t\t\t\t\t\t\t<h3>Whatsapp<\/h3>\r\n\t\t\t\t\t\t\t\t\t<p><a href=\"tel:11964617059\">+55 (11) 96461-7059<\/a><br><\/p>\r\n\t\t\t\t\t\t\t\t<\/div>\r\n\t\t\t\t\t\t\t<\/div>\r\n\t\t\t\t\t\t<\/div>\r\n\t\t\t\t\t\t\t\t\t\t\t\t<div class=\"col-lg-4 col-md-6 col-sm-12 info-column\">\r\n\t\t\t\t\t\t\t<div class=\"single-info-box\">\r\n\t\t\t\t\t\t\t\t<div class=\"inner-box\">\r\n\t\t\t\t\t\t\t\t\t<div class=\"icon-box\"><i aria-hidden=\"true\" class=\" icon-Envelope\"><\/i><\/i><\/div>\r\n\t\t\t\t\t\t\t\t\t<h3>Email<\/h3>\r\n\t\t\t\t\t\t\t\t\t<p><a href=\"mailto:info@example.com\">contato@trippoviagens.com.br<\/a><br><\/p>\r\n\t\t\t\t\t\t\t\t<\/div>\r\n\t\t\t\t\t\t\t<\/div>\r\n\t\t\t\t\t\t<\/div>\r\n\t\t\t\t\t\t\t\t\t\t<\/div>\r\n\t\t\t<\/div>\r\n\t\t<\/section>\r\n\t\t\t\t\t\t<\/div>\n\t\t\t\t<\/div>\n\t\t\t\t\t<\/div>\n\t\t<\/div>\n\t\t\t\t\t<\/div>\n\t\t<\/section>\n\t\t\t\t<section class=\"elementor-section elementor-top-section elementor-element elementor-element-267b1767 elementor-section-full_width elementor-section-stretched elementor-section-height-default elementor-section-height-default\" data-id=\"267b1767\" data-element_type=\"section\" data-e-type=\"section\" data-settings=\"{&quot;stretch_section&quot;:&quot;section-stretched&quot;}\">\n\t\t\t\t\t\t<div class=\"elementor-container elementor-column-gap-no\">\n\t\t\t\t\t<div class=\"elementor-column elementor-col-100 elementor-top-column elementor-element elementor-element-8d657a9\" data-id=\"8d657a9\" data-element_type=\"column\" data-e-type=\"column\">\n\t\t\t<div class=\"elementor-widget-wrap elementor-element-populated\">\n\t\t\t\t\t\t<div class=\"elementor-element elementor-element-19cf2353 elementor-widget elementor-widget-travio_contact_form\" data-id=\"19cf2353\" data-element_type=\"widget\" data-e-type=\"widget\" data-widget_type=\"travio_contact_form.default\">\n\t\t\t\t<div class=\"elementor-widget-container\">\n\t\t\t\t\t\r\n<!-- contact-section -->\r\n<section class=\"contact-section\">\r\n            <div class=\"auto-container\">\r\n                <div class=\"row clearfix\">\r\n                    <div class=\"col-lg-5 col-md-12 col-sm-12 content-column\">\r\n                        <div class=\"content_block_5\">\r\n                            <div class=\"content-box\">\r\n                                <div class=\"sec-title\">\r\n                                    <p>ENTRE EM CONTATO<\/p>\r\n                                    <h2>Ficaremos muito felizes com a sua mensagem<\/h2>\r\n                                <\/div>\r\n                                <div class=\"text\">\r\n                                    <p>Voc\u00ea pode nos chamar no Whatsapp ou enviar um e-mail atrav\u00e9s do formul\u00e1rio ao lado. Nossa equipe entrar\u00e1 em contato para dar sequ\u00eancia no atendimento.<\/p>\r\n                                <\/div>\r\n                                <ul class=\"social-links clearfix\">\r\n                                                                    <\/ul>\r\n                            <\/div>\r\n                        <\/div>\r\n                    <\/div>\r\n                    <div class=\"col-lg-7 col-md-12 col-sm-12 form-column\">\r\n                        <div class=\"form-inner\">\r\n                            \n<div class=\"wpcf7 no-js\" id=\"wpcf7-f953-o1\" lang=\"en-US\" dir=\"ltr\" data-wpcf7-id=\"953\">\n<div class=\"screen-reader-response\"><p role=\"status\" aria-live=\"polite\" aria-atomic=\"true\"><\/p> <ul><\/ul><\/div>\n<form action=\"\/index.php\/wp-json\/wp\/v2\/pages\/1846#wpcf7-f953-o1\" method=\"post\" class=\"wpcf7-form init\" aria-label=\"Contact form\" novalidate=\"novalidate\" data-status=\"init\">\n<fieldset class=\"hidden-fields-container\"><input type=\"hidden\" name=\"_wpcf7\" value=\"953\" \/><input type=\"hidden\" name=\"_wpcf7_version\" value=\"6.1.5\" \/><input type=\"hidden\" name=\"_wpcf7_locale\" value=\"en_US\" \/><input type=\"hidden\" name=\"_wpcf7_unit_tag\" value=\"wpcf7-f953-o1\" \/><input type=\"hidden\" name=\"_wpcf7_container_post\" value=\"0\" \/><input type=\"hidden\" name=\"_wpcf7_posted_data_hash\" value=\"\" \/><input type=\"hidden\" name=\"_wpcf7_recaptcha_response\" value=\"\" \/>\n<\/fieldset>\n<div class=\"default-form\">\n\t<div class=\"row clearfix\">\n\t\t<div class=\"col-lg-6 col-md-6 col-sm-12 form-group\">\n\t\t\t<p><span class=\"wpcf7-form-control-wrap\" data-name=\"your-name\"><input size=\"40\" maxlength=\"400\" class=\"wpcf7-form-control wpcf7-text wpcf7-validates-as-required\" aria-required=\"true\" aria-invalid=\"false\" placeholder=\"Nome\" value=\"\" type=\"text\" name=\"your-name\" \/><\/span>\n\t\t\t<\/p>\n\t\t<\/div>\n\t\t<div class=\"col-lg-6 col-md-6 col-sm-12 form-group\">\n\t\t\t<p><span class=\"wpcf7-form-control-wrap\" data-name=\"your-email\"><input size=\"40\" maxlength=\"400\" class=\"wpcf7-form-control wpcf7-email wpcf7-validates-as-required wpcf7-text wpcf7-validates-as-email\" aria-required=\"true\" aria-invalid=\"false\" value=\"E-mail\" type=\"email\" name=\"your-email\" \/><\/span>\n\t\t\t<\/p>\n\t\t<\/div>\n\t\t<div class=\"col-lg-6 col-md-12 col-sm-12 form-group\">\n\t\t\t<p><span class=\"wpcf7-form-control-wrap\" data-name=\"your-phone\"><input size=\"40\" maxlength=\"400\" class=\"wpcf7-form-control wpcf7-text wpcf7-validates-as-required\" aria-required=\"true\" aria-invalid=\"false\" value=\"Telefone\" type=\"text\" name=\"your-phone\" \/><\/span>\n\t\t\t<\/p>\n\t\t<\/div>\n\t\t<div class=\"col-lg-6 col-md-12 col-sm-12 form-group\">\n\t\t\t<p><span class=\"wpcf7-form-control-wrap\" data-name=\"your-subject\"><input size=\"40\" maxlength=\"400\" class=\"wpcf7-form-control wpcf7-text wpcf7-validates-as-required\" aria-required=\"true\" aria-invalid=\"false\" value=\"Assunto\" type=\"text\" name=\"your-subject\" \/><\/span>\n\t\t\t<\/p>\n\t\t<\/div>\n\t\t<div class=\"col-lg-12 col-md-12 col-sm-12 form-group\">\n\t\t\t<p><span class=\"wpcf7-form-control-wrap\" data-name=\"your-message\"><textarea cols=\"40\" rows=\"10\" maxlength=\"2000\" class=\"wpcf7-form-control wpcf7-textarea\" aria-invalid=\"false\" name=\"your-message\">Mensagem<\/textarea><\/span>\n\t\t\t<\/p>\n\t\t<\/div>\n\t\t<div class=\"col-lg-12 col-md-12 col-sm-12 form-group message-btn\">\n\t\t\t<p><button class=\"theme-btn\" type=\"submit\" name=\"submit-form\">Enviar<\/button>\n\t\t\t<\/p>\n\t\t<\/div>\n\t<\/div>\n<\/div><div class=\"wpcf7-response-output\" aria-hidden=\"true\"><\/div>\n<\/form>\n<\/div>\n                        <\/div>\r\n                    <\/div>\r\n                <\/div>\r\n            <\/div>\r\n        <\/section>\r\n        <!-- contact-section end -->\r\n\r\n\t\t\t\t\t\t<\/div>\n\t\t\t\t<\/div>\n\t\t\t\t\t<\/div>\n\t\t<\/div>\n\t\t\t\t\t<\/div>\n\t\t<\/section>\n\t\t\t\t<\/div>\n\t\t","protected":false},"excerpt":{"rendered":"<p>Endere\u00e7o R. Tuiuti, 2530 &#8211; S\u00e3o Paulo Whatsapp +55 (11) 96461-7059 Email contato@trippoviagens.com.br ENTRE EM CONTATO Ficaremos muito felizes com a sua mensagem Voc\u00ea pode nos chamar no Whatsapp ou enviar um e-mail atrav\u00e9s do formul\u00e1rio ao lado. Nossa equipe entrar\u00e1 em contato para dar sequ\u00eancia no atendimento. Mensagem Enviar<\/p>\n","protected":false},"author":1,"featured_media":1901,"parent":0,"menu_order":0,"comment_status":"closed","ping_status":"closed","template":"elementor_header_footer","meta":{"footnotes":""},"class_list":["post-1846","page","type-page","status-publish","has-post-thumbnail","hentry"],"yoast_head":"<!-- This site is optimized with the Yoast SEO plugin v27.1.1 - https:\/\/yoast.com\/product\/yoast-seo-wordpress\/ -->\n<title>Contato - Trippo Viagens<\/title>\n<meta name=\"robots\" content=\"index, follow, max-snippet:-1, max-image-preview:large, max-video-preview:-1\" \/>\n<link rel=\"canonical\" href=\"https:\/\/trippoviagens.com.br\/index.php\/contact\/\" \/>\n<meta property=\"og:locale\" content=\"pt_BR\" \/>\n<meta property=\"og:type\" content=\"article\" \/>\n<meta property=\"og:title\" content=\"Contato - Trippo Viagens\" \/>\n<meta property=\"og:description\" content=\"Endere\u00e7o R. Tuiuti, 2530 &#8211; S\u00e3o Paulo Whatsapp +55 (11) 96461-7059 Email contato@trippoviagens.com.br ENTRE EM CONTATO Ficaremos muito felizes com a sua mensagem Voc\u00ea pode nos chamar no Whatsapp ou enviar um e-mail atrav\u00e9s do formul\u00e1rio ao lado. Nossa equipe entrar\u00e1 em contato para dar sequ\u00eancia no atendimento. Mensagem Enviar\" \/>\n<meta property=\"og:url\" content=\"https:\/\/trippoviagens.com.br\/index.php\/contact\/\" \/>\n<meta property=\"og:site_name\" content=\"Trippo Viagens\" \/>\n<meta property=\"article:modified_time\" content=\"2023-07-30T19:30:29+00:00\" \/>\n<meta property=\"og:image\" content=\"https:\/\/trippoviagens.com.br\/wp-content\/uploads\/2021\/03\/page-title-5.jpg\" \/>\n\t<meta property=\"og:image:width\" content=\"1920\" \/>\n\t<meta property=\"og:image:height\" content=\"300\" \/>\n\t<meta property=\"og:image:type\" content=\"image\/jpeg\" \/>\n<meta name=\"twitter:card\" content=\"summary_large_image\" \/>\n<meta name=\"twitter:label1\" content=\"Est. tempo de leitura\" \/>\n\t<meta name=\"twitter:data1\" content=\"1 minuto\" \/>\n<script type=\"application\/ld+json\" class=\"yoast-schema-graph\">{\"@context\":\"https:\/\/schema.org\",\"@graph\":[{\"@type\":\"WebPage\",\"@id\":\"https:\/\/trippoviagens.com.br\/index.php\/contact\/\",\"url\":\"https:\/\/trippoviagens.com.br\/index.php\/contact\/\",\"name\":\"Contato - Trippo Viagens\",\"isPartOf\":{\"@id\":\"https:\/\/trippoviagens.com.br\/#website\"},\"primaryImageOfPage\":{\"@id\":\"https:\/\/trippoviagens.com.br\/index.php\/contact\/#primaryimage\"},\"image\":{\"@id\":\"https:\/\/trippoviagens.com.br\/index.php\/contact\/#primaryimage\"},\"thumbnailUrl\":\"https:\/\/trippoviagens.com.br\/wp-content\/uploads\/2021\/03\/page-title-5.jpg\",\"datePublished\":\"2021-03-07T05:19:08+00:00\",\"dateModified\":\"2023-07-30T19:30:29+00:00\",\"breadcrumb\":{\"@id\":\"https:\/\/trippoviagens.com.br\/index.php\/contact\/#breadcrumb\"},\"inLanguage\":\"pt-BR\",\"potentialAction\":[{\"@type\":\"ReadAction\",\"target\":[\"https:\/\/trippoviagens.com.br\/index.php\/contact\/\"]}]},{\"@type\":\"ImageObject\",\"inLanguage\":\"pt-BR\",\"@id\":\"https:\/\/trippoviagens.com.br\/index.php\/contact\/#primaryimage\",\"url\":\"https:\/\/trippoviagens.com.br\/wp-content\/uploads\/2021\/03\/page-title-5.jpg\",\"contentUrl\":\"https:\/\/trippoviagens.com.br\/wp-content\/uploads\/2021\/03\/page-title-5.jpg\",\"width\":1920,\"height\":300},{\"@type\":\"BreadcrumbList\",\"@id\":\"https:\/\/trippoviagens.com.br\/index.php\/contact\/#breadcrumb\",\"itemListElement\":[{\"@type\":\"ListItem\",\"position\":1,\"name\":\"In\u00edcio\",\"item\":\"https:\/\/trippoviagens.com.br\/\"},{\"@type\":\"ListItem\",\"position\":2,\"name\":\"Contato\"}]},{\"@type\":\"WebSite\",\"@id\":\"https:\/\/trippoviagens.com.br\/#website\",\"url\":\"https:\/\/trippoviagens.com.br\/\",\"name\":\"Trippo Viagens\",\"description\":\"\",\"publisher\":{\"@id\":\"https:\/\/trippoviagens.com.br\/#organization\"},\"potentialAction\":[{\"@type\":\"SearchAction\",\"target\":{\"@type\":\"EntryPoint\",\"urlTemplate\":\"https:\/\/trippoviagens.com.br\/?s={search_term_string}\"},\"query-input\":{\"@type\":\"PropertyValueSpecification\",\"valueRequired\":true,\"valueName\":\"search_term_string\"}}],\"inLanguage\":\"pt-BR\"},{\"@type\":\"Organization\",\"@id\":\"https:\/\/trippoviagens.com.br\/#organization\",\"name\":\"Trippo Viagens\",\"url\":\"https:\/\/trippoviagens.com.br\/\",\"logo\":{\"@type\":\"ImageObject\",\"inLanguage\":\"pt-BR\",\"@id\":\"https:\/\/trippoviagens.com.br\/#\/schema\/logo\/image\/\",\"url\":\"https:\/\/trippoviagens.com.br\/wp-content\/uploads\/2023\/05\/color1_logo_transparent_background.png\",\"contentUrl\":\"https:\/\/trippoviagens.com.br\/wp-content\/uploads\/2023\/05\/color1_logo_transparent_background.png\",\"width\":3125,\"height\":1875,\"caption\":\"Trippo Viagens\"},\"image\":{\"@id\":\"https:\/\/trippoviagens.com.br\/#\/schema\/logo\/image\/\"},\"sameAs\":[\"https:\/\/www.instagram.com\/trippoviagens\/\"]}]}<\/script>\n<!-- \/ Yoast SEO plugin. -->","yoast_head_json":{"title":"Contato - Trippo Viagens","robots":{"index":"index","follow":"follow","max-snippet":"max-snippet:-1","max-image-preview":"max-image-preview:large","max-video-preview":"max-video-preview:-1"},"canonical":"https:\/\/trippoviagens.com.br\/index.php\/contact\/","og_locale":"pt_BR","og_type":"article","og_title":"Contato - Trippo Viagens","og_description":"Endere\u00e7o R. Tuiuti, 2530 &#8211; S\u00e3o Paulo Whatsapp +55 (11) 96461-7059 Email contato@trippoviagens.com.br ENTRE EM CONTATO Ficaremos muito felizes com a sua mensagem Voc\u00ea pode nos chamar no Whatsapp ou enviar um e-mail atrav\u00e9s do formul\u00e1rio ao lado. Nossa equipe entrar\u00e1 em contato para dar sequ\u00eancia no atendimento. Mensagem Enviar","og_url":"https:\/\/trippoviagens.com.br\/index.php\/contact\/","og_site_name":"Trippo Viagens","article_modified_time":"2023-07-30T19:30:29+00:00","og_image":[{"width":1920,"height":300,"url":"https:\/\/trippoviagens.com.br\/wp-content\/uploads\/2021\/03\/page-title-5.jpg","type":"image\/jpeg"}],"twitter_card":"summary_large_image","twitter_misc":{"Est. tempo de leitura":"1 minuto"},"schema":{"@context":"https:\/\/schema.org","@graph":[{"@type":"WebPage","@id":"https:\/\/trippoviagens.com.br\/index.php\/contact\/","url":"https:\/\/trippoviagens.com.br\/index.php\/contact\/","name":"Contato - Trippo Viagens","isPartOf":{"@id":"https:\/\/trippoviagens.com.br\/#website"},"primaryImageOfPage":{"@id":"https:\/\/trippoviagens.com.br\/index.php\/contact\/#primaryimage"},"image":{"@id":"https:\/\/trippoviagens.com.br\/index.php\/contact\/#primaryimage"},"thumbnailUrl":"https:\/\/trippoviagens.com.br\/wp-content\/uploads\/2021\/03\/page-title-5.jpg","datePublished":"2021-03-07T05:19:08+00:00","dateModified":"2023-07-30T19:30:29+00:00","breadcrumb":{"@id":"https:\/\/trippoviagens.com.br\/index.php\/contact\/#breadcrumb"},"inLanguage":"pt-BR","potentialAction":[{"@type":"ReadAction","target":["https:\/\/trippoviagens.com.br\/index.php\/contact\/"]}]},{"@type":"ImageObject","inLanguage":"pt-BR","@id":"https:\/\/trippoviagens.com.br\/index.php\/contact\/#primaryimage","url":"https:\/\/trippoviagens.com.br\/wp-content\/uploads\/2021\/03\/page-title-5.jpg","contentUrl":"https:\/\/trippoviagens.com.br\/wp-content\/uploads\/2021\/03\/page-title-5.jpg","width":1920,"height":300},{"@type":"BreadcrumbList","@id":"https:\/\/trippoviagens.com.br\/index.php\/contact\/#breadcrumb","itemListElement":[{"@type":"ListItem","position":1,"name":"In\u00edcio","item":"https:\/\/trippoviagens.com.br\/"},{"@type":"ListItem","position":2,"name":"Contato"}]},{"@type":"WebSite","@id":"https:\/\/trippoviagens.com.br\/#website","url":"https:\/\/trippoviagens.com.br\/","name":"Trippo Viagens","description":"","publisher":{"@id":"https:\/\/trippoviagens.com.br\/#organization"},"potentialAction":[{"@type":"SearchAction","target":{"@type":"EntryPoint","urlTemplate":"https:\/\/trippoviagens.com.br\/?s={search_term_string}"},"query-input":{"@type":"PropertyValueSpecification","valueRequired":true,"valueName":"search_term_string"}}],"inLanguage":"pt-BR"},{"@type":"Organization","@id":"https:\/\/trippoviagens.com.br\/#organization","name":"Trippo Viagens","url":"https:\/\/trippoviagens.com.br\/","logo":{"@type":"ImageObject","inLanguage":"pt-BR","@id":"https:\/\/trippoviagens.com.br\/#\/schema\/logo\/image\/","url":"https:\/\/trippoviagens.com.br\/wp-content\/uploads\/2023\/05\/color1_logo_transparent_background.png","contentUrl":"https:\/\/trippoviagens.com.br\/wp-content\/uploads\/2023\/05\/color1_logo_transparent_background.png","width":3125,"height":1875,"caption":"Trippo Viagens"},"image":{"@id":"https:\/\/trippoviagens.com.br\/#\/schema\/logo\/image\/"},"sameAs":["https:\/\/www.instagram.com\/trippoviagens\/"]}]}},"_links":{"self":[{"href":"https:\/\/trippoviagens.com.br\/index.php\/wp-json\/wp\/v2\/pages\/1846","targetHints":{"allow":["GET"]}}],"collection":[{"href":"https:\/\/trippoviagens.com.br\/index.php\/wp-json\/wp\/v2\/pages"}],"about":[{"href":"https:\/\/trippoviagens.com.br\/index.php\/wp-json\/wp\/v2\/types\/page"}],"author":[{"embeddable":true,"href":"https:\/\/trippoviagens.com.br\/index.php\/wp-json\/wp\/v2\/users\/1"}],"replies":[{"embeddable":true,"href":"https:\/\/trippoviagens.com.br\/index.php\/wp-json\/wp\/v2\/comments?post=1846"}],"version-history":[{"count":23,"href":"https:\/\/trippoviagens.com.br\/index.php\/wp-json\/wp\/v2\/pages\/1846\/revisions"}],"predecessor-version":[{"id":3096,"href":"https:\/\/trippoviagens.com.br\/index.php\/wp-json\/wp\/v2\/pages\/1846\/revisions\/3096"}],"wp:featuredmedia":[{"embeddable":true,"href":"https:\/\/trippoviagens.com.br\/index.php\/wp-json\/wp\/v2\/media\/1901"}],"wp:attachment":[{"href":"https:\/\/trippoviagens.com.br\/index.php\/wp-json\/wp\/v2\/media?parent=1846"}],"curies":[{"name":"wp","href":"https:\/\/api.w.org\/{rel}","templated":true}]}}